{"id":1251,"date":"2025-10-31T15:46:56","date_gmt":"2025-10-31T15:46:56","guid":{"rendered":"https:\/\/aismthienaba.org\/?page_id=1251"},"modified":"2025-10-31T15:51:36","modified_gmt":"2025-10-31T15:51:36","slug":"elementor-page-1251","status":"publish","type":"page","link":"https:\/\/aismthienaba.org\/index.php\/elementor-page-1251\/","title":{"rendered":"Elementor Page #1251"},"content":{"rendered":"\t\t<div data-elementor-type=\"wp-page\" data-elementor-id=\"1251\" class=\"elementor elementor-1251\" data-elementor-post-type=\"page\">\n\t\t\t\t<div class=\"elementor-element elementor-element-5775d86 e-flex e-con-boxed e-con e-parent\" data-id=\"5775d86\" data-element_type=\"container\">\n\t\t\t\t\t<div class=\"e-con-inner\">\n\t\t\t\t\t<\/div>\n\t\t\t\t<\/div>\n\t\t<div class=\"elementor-element elementor-element-f841869 e-flex e-con-boxed e-con e-parent\" data-id=\"f841869\" data-element_type=\"container\">\n\t\t\t\t\t<div class=\"e-con-inner\">\n\t\t\t\t<div class=\"elementor-element elementor-element-6234b2b elementor-widget elementor-widget-html\" data-id=\"6234b2b\" data-element_type=\"widget\" data-widget_type=\"html.default\">\n\t\t\t\t<div class=\"elementor-widget-container\">\n\t\t\t\t\t<!DOCTYPE html>\r\n<html lang=\"fr\">\r\n<head>\r\n  <meta charset=\"UTF-8\">\r\n  <meta name=\"viewport\" content=\"width=device-width, initial-scale=1.0\">\r\n  <title>VOIX ESSENTIELLES- Activit\u00e9s - AISM Thi\u00e8naba<\/title>\r\n  <script src=\"https:\/\/cdn.tailwindcss.com\"><\/script>\r\n<\/head>\r\n<body class=\"bg-gray-50 text-gray-800\">\r\n  <header class=\"bg-green-700 text-white p-6\">\r\n    <h1 class=\"text-2xl font-bold\">VOIX ESSENTIELLES- Activit\u00e9s - AISM Thi\u00e8nab<\/h1>\r\n  <\/header>\r\n\r\n  <main class=\"max-w-6xl mx-auto p-6\">\r\n    <h2 class=\"text-xl font-semibold mb-4\">Nos activit\u00e9s r\u00e9centes<\/h2>\r\n\r\n    <div class=\"grid grid-cols-1 md:grid-cols-2 lg:grid-cols-2 gap-6\">\r\n\r\n      <!-- Activit\u00e9 1 -->\r\n      <a href=\"https:\/\/aismthienaba.org\/index.php\/elementor-page-1225\/\" class=\"block bg-white shadow-md rounded-lg overflow-hidden hover:shadow-lg transition\">\r\n        <img decoding=\"async\" src=\"http:\/\/aismthienaba.org\/wp-content\/uploads\/2025\/10\/WhatsApp-Image-2025-07-09-a-18.51.01_127a5787-scaled.jpg\" alt=\"Forum sur la repr\u00e9sentation des femmes\" class=\"w-full h-48 object-cover\">\r\n        <div class=\"p-4\">\r\n          <h3 class=\"text-lg font-semibold text-green-700\">Forum de plaidoyer : 30 % de femmes dans les CDS<\/h3>\r\n          <p class=\"text-sm mt-2\">Un forum avec les autorit\u00e9s locales pour promouvoir l\u2019int\u00e9gration des femmes dans les comit\u00e9s directeurs des CDS et bureaux au district de Khombole.<\/p>\r\n          <p class=\"text-xs text-gray-500 mt-3\">\ud83d\udcc5 Octobre 2025 \u2014 Khombole<\/p>\r\n        <\/div>\r\n      <\/a>\r\n\r\n      <!-- Activit\u00e9 2 -->\r\n      <a href=\"https:\/\/aismthienaba.org\/index.php\/elementor-page-1246\/\" class=\"block bg-white shadow-md rounded-lg overflow-hidden hover:shadow-lg transition\">\r\n        <img decoding=\"async\" src=\"http:\/\/aismthienaba.org\/wp-content\/uploads\/2025\/10\/Capture-decran-2025-10-31-153847.png\" alt=\"Plaidoyer pour l\u2019augmentation des ressources\" class=\"w-full h-48 object-cover\">\r\n        <div class=\"p-4\">\r\n          <h3 class=\"text-lg font-semibold text-green-700\">Journ\u00e9e de plaidoyer : +10 % de ressources pour le paludisme<\/h3>\r\n          <p class=\"text-sm mt-2\">Les quatre maires de l\u2019arrondissement de Thi\u00e8naba se sont engag\u00e9s \u00e0 accro\u00eetre les ressources financi\u00e8res et logistiques pour la pr\u00e9vention communautaire du paludisme.<\/p>\r\n          <p class=\"text-xs text-gray-500 mt-3\">\ud83d\udcc5 Octobre 2025 \u2014 Thi\u00e8naba<\/p>\r\n        <\/div>\r\n      <\/a>\r\n\r\n      <!-- Activit\u00e9 3 -->\r\n      <a href=\"https:\/\/aismthienaba.org\/index.php\/elementor-1217\/\" class=\"block bg-white shadow-md rounded-lg overflow-hidden hover:shadow-lg transition\">\r\n        <img decoding=\"async\" src=\"http:\/\/aismthienaba.org\/wp-content\/uploads\/2025\/10\/IMG_9449-scaled.jpg\" alt=\"Rencontres de plaidoyer\" class=\"w-full h-48 object-cover\">\r\n        <div class=\"p-4\">\r\n          <h3 class=\"text-lg font-semibold text-green-700\">Rencontres individuelles avec les autorit\u00e9s<\/h3>\r\n          <p class=\"text-sm mt-2\">Des rencontres ont \u00e9t\u00e9 tenues avec le Sous-pr\u00e9fet, le M\u00e9decin-Chef de District et l\u2019ICP pour discuter d\u2019une meilleure repr\u00e9sentation f\u00e9minine dans les CDS.<\/p>\r\n          <p class=\"text-xs text-gray-500 mt-3\">\ud83d\udcc5 Septembre 2025 \u2014 Thi\u00e8naba<\/p>\r\n        <\/div>\r\n      <\/a>\r\n\r\n      <!-- Activit\u00e9 4 -->\r\n      <a href=\"https:\/\/aismthienaba.org\/index.php\/elementor-page-1238\/\" class=\"block bg-white shadow-md rounded-lg overflow-hidden hover:shadow-lg transition\">\r\n        <img decoding=\"async\" src=\"http:\/\/aismthienaba.org\/wp-content\/uploads\/2025\/10\/Capture-decran-2025-10-31-154249.png\" alt=\"Renforcement des femmes leaders\" class=\"w-full h-48 object-cover\">\r\n        <div class=\"p-4\">\r\n          <h3 class=\"text-lg font-semibold text-green-700\">Renforcement des femmes leaders, radios et camionneurs : unis contre le paludisme<\/h3>\r\n          <p class=\"text-sm mt-2\">Une initiative communautaire \u00e0 Khombole mobilisant femmes leaders, radios communautaires et transporteurs pour renforcer la pr\u00e9vention du paludisme.<\/p>\r\n          <p class=\"text-xs text-gray-500 mt-3\">\ud83d\udcc5 Ao\u00fbt 2025 \u2014 Khombole<\/p>\r\n        <\/div>\r\n      <\/a>\r\n\r\n    <\/div>\r\n  <\/main>\r\n\r\n  <footer class=\"bg-gray-100 text-center p-4 mt-10 text-sm text-gray-600\">\r\n    \u00a9 2025 AISM Thi\u00e8naba \u2014 Tous droits r\u00e9serv\u00e9s\r\n  <\/footer>\r\n<\/body>\r\n<\/html>\r\n\t\t\t\t<\/div>\n\t\t\t\t<\/div>\n\t\t\t\t\t<\/div>\n\t\t\t\t<\/div>\n\t\t\t\t<\/div>\n\t\t","protected":false},"excerpt":{"rendered":"<p>VOIX ESSENTIELLES- Activit\u00e9s &#8211; AISM Thi\u00e8naba VOIX ESSENTIELLES- Activit\u00e9s &#8211; AISM Thi\u00e8nab Nos activit\u00e9s r\u00e9centes Forum de plaidoyer : 30 % de femmes dans les CDS Un forum avec les autorit\u00e9s locales pour promouvoir l\u2019int\u00e9gration des femmes dans les comit\u00e9s directeurs des CDS et bureaux au district de Khombole. \ud83d\udcc5 Octobre 2025 \u2014 Khombole Journ\u00e9e [&hellip;]<\/p>\n","protected":false},"author":1,"featured_media":0,"parent":0,"menu_order":0,"comment_status":"closed","ping_status":"closed","template":"","meta":{"footnotes":""},"class_list":["post-1251","page","type-page","status-publish","hentry"],"_links":{"self":[{"href":"https:\/\/aismthienaba.org\/index.php\/wp-json\/wp\/v2\/pages\/1251","targetHints":{"allow":["GET"]}}],"collection":[{"href":"https:\/\/aismthienaba.org\/index.php\/wp-json\/wp\/v2\/pages"}],"about":[{"href":"https:\/\/aismthienaba.org\/index.php\/wp-json\/wp\/v2\/types\/page"}],"author":[{"embeddable":true,"href":"https:\/\/aismthienaba.org\/index.php\/wp-json\/wp\/v2\/users\/1"}],"replies":[{"embeddable":true,"href":"https:\/\/aismthienaba.org\/index.php\/wp-json\/wp\/v2\/comments?post=1251"}],"version-history":[{"count":7,"href":"https:\/\/aismthienaba.org\/index.php\/wp-json\/wp\/v2\/pages\/1251\/revisions"}],"predecessor-version":[{"id":1263,"href":"https:\/\/aismthienaba.org\/index.php\/wp-json\/wp\/v2\/pages\/1251\/revisions\/1263"}],"wp:attachment":[{"href":"https:\/\/aismthienaba.org\/index.php\/wp-json\/wp\/v2\/media?parent=1251"}],"curies":[{"name":"wp","href":"https:\/\/api.w.org\/{rel}","templated":true}]}}