{"id":610,"date":"2022-06-10T19:22:54","date_gmt":"2022-06-10T19:22:54","guid":{"rendered":"https:\/\/demo.themedraft.net\/wp\/doctio\/?page_id=610"},"modified":"2025-10-31T15:49:12","modified_gmt":"2025-10-31T15:49:12","slug":"department","status":"publish","type":"page","link":"https:\/\/aismthienaba.org\/index.php\/department\/","title":{"rendered":"Department"},"content":{"rendered":"\t\t<div data-elementor-type=\"wp-page\" data-elementor-id=\"610\" class=\"elementor elementor-610\" data-elementor-post-type=\"page\">\n\t\t\t\t\t\t<section class=\"elementor-section elementor-top-section elementor-element elementor-element-39deee15 elementor-section-stretched elementor-section-boxed elementor-section-height-default elementor-section-height-default\" data-id=\"39deee15\" data-element_type=\"section\" data-settings=\"{&quot;stretch_section&quot;:&quot;section-stretched&quot;}\">\n\t\t\t\t\t\t<div class=\"elementor-container elementor-column-gap-default\">\n\t\t\t\t\t<div class=\"elementor-column elementor-col-50 elementor-top-column elementor-element elementor-element-1293cc86\" data-id=\"1293cc86\" data-element_type=\"column\">\n\t\t\t<div class=\"elementor-widget-wrap elementor-element-populated\">\n\t\t\t\t\t\t<div class=\"elementor-element elementor-element-3fb47534 elementor-widget elementor-widget-themedraft_section_title\" data-id=\"3fb47534\" data-element_type=\"widget\" data-widget_type=\"themedraft_section_title.default\">\n\t\t\t\t<div class=\"elementor-widget-container\">\n\t\t\t\t\t\n\t\t<div class=\"td-section-title-wrapper\">\n            <div class=\"td-section-title-content td-secondary-font\">\n                                    <div class=\"td-section-title-bg-text\">\n                        Best                    <\/div>\n                \n                                    <div class=\"td-section-subtitle td-primary-color\">\n                        D\u00e9couvrez les projets que nous avons men\u00e9s, ceux en cours, et ceux \u00e0 venir. Ensemble, nous b\u00e2tissons un avenir sans paludisme.                    <\/div>\n                \n                                    <div class=\"td-section-title\">\n                        D\u00e9couvrez les projets que nous avons men\u00e9s, ceux en cours, et ceux \u00e0 venir. Ensemble, nous b\u00e2tissons un avenir sans paludisme.                    <\/div>\n                                        <div class=\"title-bottom-line\" style=\"background-image: url(https:\/\/demo.themedraft.net\/wp\/doctio\/wp-content\/uploads\/2022\/06\/line-1.png)\"><\/div>\n                                                <\/div>\n\t\t<\/div>\n\t\t\t\t\t\t<\/div>\n\t\t\t\t<\/div>\n\t\t\t\t\t<\/div>\n\t\t<\/div>\n\t\t\t\t<div class=\"elementor-column elementor-col-50 elementor-top-column elementor-element elementor-element-73b10e66\" data-id=\"73b10e66\" data-element_type=\"column\">\n\t\t\t<div class=\"elementor-widget-wrap elementor-element-populated\">\n\t\t\t\t\t\t<div class=\"elementor-element elementor-element-2a1b947 elementor-widget elementor-widget-video\" data-id=\"2a1b947\" data-element_type=\"widget\" data-settings=\"{&quot;video_type&quot;:&quot;hosted&quot;,&quot;autoplay&quot;:&quot;yes&quot;,&quot;controls&quot;:&quot;yes&quot;}\" data-widget_type=\"video.default\">\n\t\t\t\t<div class=\"elementor-widget-container\">\n\t\t\t\t\t\t\t<div class=\"e-hosted-video elementor-wrapper elementor-open-inline\">\n\t\t\t\t\t<video class=\"elementor-video\" src=\"http:\/\/aismthienaba.org\/wp-content\/uploads\/2025\/05\/RBM-Partnership-to-End-Malaria-Interview-with-ElHadj-Diop.mp4\" autoplay=\"\" controls=\"\" controlsList=\"nodownload\"><\/video>\n\t\t\t\t<\/div>\n\t\t\t\t\t\t<\/div>\n\t\t\t\t<\/div>\n\t\t\t\t\t<\/div>\n\t\t<\/div>\n\t\t\t\t\t<\/div>\n\t\t<\/section>\n\t\t\t\t<section class=\"elementor-section elementor-top-section elementor-element elementor-element-6c9a957b elementor-section-stretched elementor-section-boxed elementor-section-height-default elementor-section-height-default\" data-id=\"6c9a957b\" data-element_type=\"section\" data-settings=\"{&quot;stretch_section&quot;:&quot;section-stretched&quot;,&quot;background_background&quot;:&quot;classic&quot;}\">\n\t\t\t\t\t\t<div class=\"elementor-container elementor-column-gap-default\">\n\t\t\t\t\t<div class=\"elementor-column elementor-col-100 elementor-top-column elementor-element elementor-element-dadc328\" data-id=\"dadc328\" data-element_type=\"column\">\n\t\t\t<div class=\"elementor-widget-wrap elementor-element-populated\">\n\t\t\t\t\t\t<div class=\"elementor-element elementor-element-11e552aa elementor-widget elementor-widget-themedraft_section_title\" data-id=\"11e552aa\" data-element_type=\"widget\" data-widget_type=\"themedraft_section_title.default\">\n\t\t\t\t<div class=\"elementor-widget-container\">\n\t\t\t\t\t\n\t\t<div class=\"td-section-title-wrapper\">\n            <div class=\"td-section-title-content td-secondary-font\">\n                                    <div class=\"td-section-title-bg-text\">\n                        Services                    <\/div>\n                \n                                    <div class=\"td-section-subtitle td-primary-color\">\n                        Activit\u00e9s & Projets                    <\/div>\n                \n                                    <div class=\"td-section-title\">\n                        <h2>Voix EssentiELLES<\/h2>                    <\/div>\n                                        <div class=\"title-bottom-line\" style=\"background-image: url(https:\/\/demo.themedraft.net\/wp\/doctio\/wp-content\/uploads\/2022\/06\/line-1.png)\"><\/div>\n                                                <\/div>\n\t\t<\/div>\n\t\t\t\t\t\t<\/div>\n\t\t\t\t<\/div>\n\t\t\t\t<div class=\"elementor-element elementor-element-7306a5e elementor-widget elementor-widget-image\" data-id=\"7306a5e\" data-element_type=\"widget\" data-widget_type=\"image.default\">\n\t\t\t\t<div class=\"elementor-widget-container\">\n\t\t\t\t\t\t\t\t\t\t\t\t\t\t\t<img fetchpriority=\"high\" decoding=\"async\" width=\"1080\" height=\"719\" src=\"https:\/\/aismthienaba.org\/wp-content\/uploads\/2025\/05\/WhatsApp-Image-2024-05-17-at-14.51.34.jpeg\" class=\"attachment-1536x1536 size-1536x1536 wp-image-1174\" alt=\"\" srcset=\"https:\/\/aismthienaba.org\/wp-content\/uploads\/2025\/05\/WhatsApp-Image-2024-05-17-at-14.51.34.jpeg 1080w, https:\/\/aismthienaba.org\/wp-content\/uploads\/2025\/05\/WhatsApp-Image-2024-05-17-at-14.51.34-300x200.jpeg 300w, https:\/\/aismthienaba.org\/wp-content\/uploads\/2025\/05\/WhatsApp-Image-2024-05-17-at-14.51.34-1024x682.jpeg 1024w, https:\/\/aismthienaba.org\/wp-content\/uploads\/2025\/05\/WhatsApp-Image-2024-05-17-at-14.51.34-768x511.jpeg 768w, https:\/\/aismthienaba.org\/wp-content\/uploads\/2025\/05\/WhatsApp-Image-2024-05-17-at-14.51.34-600x399.jpeg 600w\" sizes=\"(max-width: 1080px) 100vw, 1080px\" \/>\t\t\t\t\t\t\t\t\t\t\t\t\t\t\t<\/div>\n\t\t\t\t<\/div>\n\t\t\t\t<div class=\"elementor-element elementor-element-7e185a68 elementor-widget elementor-widget-themedraft_text\" data-id=\"7e185a68\" data-element_type=\"widget\" data-widget_type=\"themedraft_text.default\">\n\t\t\t\t<div class=\"elementor-widget-container\">\n\t\t\t\t\t\n\t\t<div class=\"td-text-wrapper\">\n\t\t\t<p>Le programme <strong data-start=\"13\" data-end=\"34\">Voix EssentiELLES<\/strong> est une initiative phare en Afrique francophone port\u00e9e par <strong data-start=\"94\" data-end=\"113\">Speak Up Africa<\/strong>, en partenariat avec le <strong data-start=\"138\" data-end=\"155\">Fonds mondial<\/strong> et la <strong data-start=\"162\" data-end=\"182\">Fondation CHANEL<\/strong>. Il vise \u00e0 <strong data-start=\"194\" data-end=\"252\">renforcer le pouvoir d\u2019action des femmes et des filles<\/strong> au niveau communautaire, notamment dans les domaines de la sant\u00e9, de l\u2019\u00e9galit\u00e9 des genres, et de la gouvernance.<\/p><h3 class=\"\" data-start=\"1588\" data-end=\"1617\"><strong data-start=\"1596\" data-end=\"1617\">Exemples d'impact<\/strong><\/h3><ul data-start=\"1618\" data-end=\"1935\"><li class=\"\" data-start=\"1618\" data-end=\"1774\"><p class=\"\" data-start=\"1620\" data-end=\"1774\">Des organisations communautaires comme <strong data-start=\"1659\" data-end=\"1678\">l\u2019AISM Thi\u00e8naba<\/strong> ont pu b\u00e9n\u00e9ficier de ce programme pour renforcer leur travail de <strong data-start=\"1744\" data-end=\"1773\">lutte contre le paludisme<\/strong>.<\/p><\/li><li class=\"\" data-start=\"1775\" data-end=\"1853\"><p class=\"\" data-start=\"1777\" data-end=\"1853\">Participation active des jeunes femmes aux processus de <strong data-start=\"1833\" data-end=\"1852\">d\u00e9cision locale<\/strong>.<\/p><\/li><li class=\"\" data-start=\"1854\" data-end=\"1935\"><p class=\"\" data-start=\"1856\" data-end=\"1935\">Organisation de campagnes de sensibilisation men\u00e9es <strong data-start=\"1908\" data-end=\"1934\">par et pour les femmes<\/strong>.<\/p><\/li><\/ul><h3 class=\"\" data-start=\"372\" data-end=\"434\"><strong data-start=\"379\" data-end=\"434\">Objectifs principaux du programme Voix EssentiELLES<\/strong><\/h3><ol data-start=\"435\" data-end=\"960\"><li class=\"\" data-start=\"435\" data-end=\"596\"><p class=\"\" data-start=\"438\" data-end=\"507\"><strong data-start=\"438\" data-end=\"507\">Renforcer les capacit\u00e9s des organisations dirig\u00e9es par des femmes<\/strong><\/p><ul data-start=\"511\" data-end=\"596\"><li class=\"\" data-start=\"511\" data-end=\"523\"><p class=\"\" data-start=\"513\" data-end=\"523\">Formations<\/p><\/li><li class=\"\" data-start=\"527\" data-end=\"553\"><p class=\"\" data-start=\"529\" data-end=\"553\">Leadership communautaire<\/p><\/li><li class=\"\" data-start=\"557\" data-end=\"596\"><p class=\"\" data-start=\"559\" data-end=\"596\">Plaidoyer pour les droits et la sant\u00e9<\/p><\/li><\/ul><\/li><li class=\"\" data-start=\"598\" data-end=\"790\"><p class=\"\" data-start=\"601\" data-end=\"651\"><strong data-start=\"601\" data-end=\"651\">Appuyer financi\u00e8rement les initiatives locales<\/strong><\/p><ul data-start=\"655\" data-end=\"790\"><li class=\"\" data-start=\"655\" data-end=\"698\"><p class=\"\" data-start=\"657\" data-end=\"698\">Financement direct via un <strong data-start=\"683\" data-end=\"698\">fonds d\u00e9di\u00e9<\/strong><\/p><\/li><li class=\"\" data-start=\"702\" data-end=\"790\"><p class=\"\" data-start=\"704\" data-end=\"790\">Soutien \u00e0 des projets concrets (sant\u00e9, lutte contre les violences, acc\u00e8s aux services)<\/p><\/li><\/ul><\/li><li class=\"\" data-start=\"792\" data-end=\"960\"><p class=\"\" data-start=\"795\" data-end=\"850\"><strong data-start=\"795\" data-end=\"850\">Cr\u00e9er un espace d\u2019apprentissage et de collaboration<\/strong><\/p><ul data-start=\"854\" data-end=\"960\"><li class=\"\" data-start=\"854\" data-end=\"890\"><p class=\"\" data-start=\"856\" data-end=\"890\">Mise en r\u00e9seau entre organisations<\/p><\/li><li class=\"\" data-start=\"894\" data-end=\"960\"><p class=\"\" data-start=\"896\" data-end=\"960\">Partage de bonnes pratiques via <strong data-start=\"928\" data-end=\"960\">l\u2019Universit\u00e9 de l\u2019ExcELLEnce<\/strong><\/p><\/li><\/ul><\/li><\/ol>\n            \t\t<\/div>\n\n\t\t\t\t\t\t<\/div>\n\t\t\t\t<\/div>\n\t\t\t\t\t<\/div>\n\t\t<\/div>\n\t\t\t\t\t<\/div>\n\t\t<\/section>\n\t\t<div class=\"elementor-element elementor-element-7cb9a2e e-flex e-con-boxed e-con e-parent\" data-id=\"7cb9a2e\" data-element_type=\"container\">\n\t\t\t\t\t<div class=\"e-con-inner\">\n\t\t\t\t<div class=\"elementor-element elementor-element-5964616 elementor-widget elementor-widget-button\" data-id=\"5964616\" data-element_type=\"widget\" data-widget_type=\"button.default\">\n\t\t\t\t<div class=\"elementor-widget-container\">\n\t\t\t\t\t\t\t\t\t<div class=\"elementor-button-wrapper\">\n\t\t\t\t\t<a class=\"elementor-button elementor-button-link elementor-size-sm\" href=\"https:\/\/aismthienaba.org\/index.php\/elementor-page-1251\/\">\n\t\t\t\t\t\t<span class=\"elementor-button-content-wrapper\">\n\t\t\t\t\t\t\t\t\t<span class=\"elementor-button-text\">voir les activit\u00e9s<\/span>\n\t\t\t\t\t<\/span>\n\t\t\t\t\t<\/a>\n\t\t\t\t<\/div>\n\t\t\t\t\t\t\t\t<\/div>\n\t\t\t\t<\/div>\n\t\t\t\t\t<\/div>\n\t\t\t\t<\/div>\n\t\t\t\t<section class=\"elementor-section elementor-top-section elementor-element elementor-element-74518dff elementor-section-full_width elementor-section-stretched elementor-section-height-default elementor-section-height-default\" data-id=\"74518dff\" data-element_type=\"section\" data-settings=\"{&quot;stretch_section&quot;:&quot;section-stretched&quot;}\">\n\t\t\t\t\t\t<div class=\"elementor-container elementor-column-gap-no\">\n\t\t\t\t\t<div class=\"elementor-column elementor-col-100 elementor-top-column elementor-element elementor-element-62f14d7d\" data-id=\"62f14d7d\" data-element_type=\"column\">\n\t\t\t<div class=\"elementor-widget-wrap elementor-element-populated\">\n\t\t\t\t\t\t<div class=\"elementor-element elementor-element-9ceb342 elementor-widget elementor-widget-themedraft_cta_one\" data-id=\"9ceb342\" data-element_type=\"widget\" data-widget_type=\"themedraft_cta_one.default\">\n\t\t\t\t<div class=\"elementor-widget-container\">\n\t\t\t\t\t\t\t<div class=\"td-cta-one-wrapper td-primary-bg td-secondary-font\">\n\t\t\t<div class=\"container\">\n\t\t\t\t<div class=\"row\">\n\t\t\t\t\t<div class=\"col-12\">\n\t\t\t\t\t\t<div class=\"cta-one-text text-center\">\n\t\t\t\t\t\t\t<p><b><i>Le plus difficile est fait, le plus dur reste \u00e0 faire, Eliminer le paludisme est possible !<\/i><\/b><\/p>\t\t\t\t\t\t<\/div>\n\t\t\t\t\t<\/div>\n\t\t\t\t<\/div>\n\t\t\t<\/div>\n\t\t<\/div>\n\t\t\t\t\t\t<\/div>\n\t\t\t\t<\/div>\n\t\t\t\t\t<\/div>\n\t\t<\/div>\n\t\t\t\t\t<\/div>\n\t\t<\/section>\n\t\t\t\t<\/div>\n\t\t","protected":false},"excerpt":{"rendered":"<p>Best D\u00e9couvrez les projets que nous avons men\u00e9s, ceux en cours, et ceux \u00e0 venir. Ensemble, nous b\u00e2tissons un avenir sans paludisme. D\u00e9couvrez les projets que nous avons men\u00e9s, ceux en cours, et ceux \u00e0 venir. Ensemble, nous b\u00e2tissons un avenir sans paludisme. http:\/\/aismthienaba.org\/wp-content\/uploads\/2025\/05\/RBM-Partnership-to-End-Malaria-Interview-with-ElHadj-Diop.mp4 Services Activit\u00e9s &#038; Projets Voix EssentiELLES Le programme Voix EssentiELLES est [&hellip;]<\/p>\n","protected":false},"author":1,"featured_media":0,"parent":0,"menu_order":0,"comment_status":"closed","ping_status":"closed","template":"","meta":{"footnotes":""},"class_list":["post-610","page","type-page","status-publish","hentry"],"_links":{"self":[{"href":"https:\/\/aismthienaba.org\/index.php\/wp-json\/wp\/v2\/pages\/610","targetHints":{"allow":["GET"]}}],"collection":[{"href":"https:\/\/aismthienaba.org\/index.php\/wp-json\/wp\/v2\/pages"}],"about":[{"href":"https:\/\/aismthienaba.org\/index.php\/wp-json\/wp\/v2\/types\/page"}],"author":[{"embeddable":true,"href":"https:\/\/aismthienaba.org\/index.php\/wp-json\/wp\/v2\/users\/1"}],"replies":[{"embeddable":true,"href":"https:\/\/aismthienaba.org\/index.php\/wp-json\/wp\/v2\/comments?post=610"}],"version-history":[{"count":15,"href":"https:\/\/aismthienaba.org\/index.php\/wp-json\/wp\/v2\/pages\/610\/revisions"}],"predecessor-version":[{"id":1260,"href":"https:\/\/aismthienaba.org\/index.php\/wp-json\/wp\/v2\/pages\/610\/revisions\/1260"}],"wp:attachment":[{"href":"https:\/\/aismthienaba.org\/index.php\/wp-json\/wp\/v2\/media?parent=610"}],"curies":[{"name":"wp","href":"https:\/\/api.w.org\/{rel}","templated":true}]}}